{"id":15064,"date":"2025-12-22T22:04:46","date_gmt":"2025-12-22T22:04:46","guid":{"rendered":"https:\/\/www.kausaywasi.org\/?page_id=15064"},"modified":"2025-12-22T22:05:03","modified_gmt":"2025-12-22T22:05:03","slug":"nuestro-equipo-espanol","status":"publish","type":"page","link":"https:\/\/www.kausaywasi.org\/index.php\/es\/nuestro-equipo-espanol\/","title":{"rendered":"Nuestro Equipo &#8211; Espa\u00f1ol"},"content":{"rendered":"\t\t<div data-elementor-type=\"wp-page\" data-elementor-id=\"15064\" class=\"elementor elementor-15064\" data-elementor-post-type=\"page\">\n\t\t\t\t<div data-ekitparallax=\"{&quot;ekit_section_parallax_bg&quot;:&quot;yes&quot;,&quot;ekit_section_parallax_bg_speed&quot;:0.5,&quot;elementor_lazy_load&quot;:&quot;1&quot;}\" class=\"elementor-element elementor-element-3381a59 page-hero-section e-flex e-con-boxed e-con e-parent\" data-id=\"3381a59\" data-element_type=\"container\" data-settings=\"{&quot;background_background&quot;:&quot;classic&quot;}\">\n\t\t\t\t\t<div class=\"e-con-inner\">\n\t\t<div class=\"elementor-element elementor-element-47fe1ac e-con-full e-flex e-con e-child\" data-id=\"47fe1ac\" data-element_type=\"container\">\n\t\t\t\t<div class=\"elementor-element elementor-element-910167c at-heading-animation at-animation-heading-style-2 elementor-widget elementor-widget-heading\" data-id=\"910167c\" data-element_type=\"widget\" data-settings=\"{&quot;ekit_we_effect_on&quot;:&quot;none&quot;}\" data-widget_type=\"heading.default\">\n\t\t\t\t\t<h1 class=\"elementor-heading-title elementor-size-default\">Equipo <span>multidisciplinario<\/span><\/h1>\t\t\t\t<\/div>\n\t\t\t\t<div class=\"elementor-element elementor-element-d10e600 elementor-invisible elementor-widget elementor-widget-elementskit-breadcrumb\" data-id=\"d10e600\" data-element_type=\"widget\" data-settings=\"{&quot;_animation&quot;:&quot;fadeInUp&quot;,&quot;ekit_we_effect_on&quot;:&quot;none&quot;}\" data-widget_type=\"elementskit-breadcrumb.default\">\n\t\t\t\t<div class=\"elementor-widget-container\">\n\t\t\t\t\t<div class=\"ekit-wid-con\" ><ol class=\"ekit-breadcrumb\"><li class=\"ekit_breadcrumbs_start\"><a href=\"https:\/\/www.kausaywasi.org\">Home<\/a><\/li><\/ol><\/div>\t\t\t\t<\/div>\n\t\t\t\t<\/div>\n\t\t\t\t<\/div>\n\t\t\t\t\t<\/div>\n\t\t\t\t<\/div>\n\t\t<div class=\"elementor-element elementor-element-a1e3350 e-flex e-con-boxed e-con e-parent\" data-id=\"a1e3350\" data-element_type=\"container\">\n\t\t\t\t\t<div class=\"e-con-inner\">\n\t\t<div class=\"elementor-element elementor-element-b9154f2 e-con-full e-flex e-con e-child\" data-id=\"b9154f2\" data-element_type=\"container\">\n\t\t\t\t<div class=\"elementor-element elementor-element-4e1a5db team-details-img at-image-animation at-animation-image-style-1 at-shiny-glass-effect elementor-widget elementor-widget-image\" data-id=\"4e1a5db\" data-element_type=\"widget\" data-settings=\"{&quot;ekit_we_effect_on&quot;:&quot;none&quot;}\" data-widget_type=\"image.default\">\n\t\t\t\t\t\t\t\t\t\t\t\t\t\t\t<img fetchpriority=\"high\" decoding=\"async\" width=\"611\" height=\"653\" src=\"https:\/\/www.kausaywasi.org\/wp-content\/uploads\/2025\/11\/nuestro-equipo.png\" class=\"attachment-full size-full wp-image-14911\" alt=\"\" srcset=\"https:\/\/www.kausaywasi.org\/wp-content\/uploads\/2025\/11\/nuestro-equipo.png 611w, https:\/\/www.kausaywasi.org\/wp-content\/uploads\/2025\/11\/nuestro-equipo-281x300.png 281w\" sizes=\"(max-width: 611px) 100vw, 611px\" \/>\t\t\t\t\t\t\t\t\t\t\t\t\t\t\t<\/div>\n\t\t\t\t<\/div>\n\t\t<div class=\"elementor-element elementor-element-f86335c e-con-full e-flex e-con e-child\" data-id=\"f86335c\" data-element_type=\"container\">\n\t\t<div class=\"elementor-element elementor-element-66f4411 e-con-full e-flex e-con e-child\" data-id=\"66f4411\" data-element_type=\"container\">\n\t\t\t\t<div class=\"elementor-element elementor-element-1fba662 elementor-widget__width-initial elementor-widget-mobile__width-inherit elementor-invisible elementor-widget elementor-widget-icon-box\" data-id=\"1fba662\" data-element_type=\"widget\" data-settings=\"{&quot;_animation&quot;:&quot;fadeInUp&quot;,&quot;ekit_we_effect_on&quot;:&quot;none&quot;}\" data-widget_type=\"icon-box.default\">\n\t\t\t\t\t\t\t<div class=\"elementor-icon-box-wrapper\">\n\n\t\t\t\n\t\t\t\t\t\t<div class=\"elementor-icon-box-content\">\n\n\t\t\t\t\t\t\t\t\t<h3 class=\"elementor-icon-box-title\">\n\t\t\t\t\t\t<span  >\n\t\t\t\t\t\t\tNuestro Equipo\t\t\t\t\t\t<\/span>\n\t\t\t\t\t<\/h3>\n\t\t\t\t\n\t\t\t\t\n\t\t\t<\/div>\n\t\t\t\n\t\t<\/div>\n\t\t\t\t\t\t<\/div>\n\t\t\t\t<div class=\"elementor-element elementor-element-4452ecf elementor-widget__width-initial elementor-widget-mobile__width-inherit elementor-invisible elementor-widget elementor-widget-elementskit-social-media\" data-id=\"4452ecf\" data-element_type=\"widget\" data-settings=\"{&quot;_animation&quot;:&quot;fadeInUp&quot;,&quot;_animation_delay&quot;:100,&quot;ekit_we_effect_on&quot;:&quot;none&quot;}\" data-widget_type=\"elementskit-social-media.default\">\n\t\t\t\t<div class=\"elementor-widget-container\">\n\t\t\t\t\t<div class=\"ekit-wid-con\" >\t\t\t <ul class=\"ekit_social_media\">\n\t\t\t\t\t\t\t\t\t\t\t\t\t\t<li class=\"elementor-repeater-item-81271aa\">\n\t\t\t\t\t    <a\n\t\t\t\t\t\thref=\"#\" aria-label=\"Twitter\" class=\"twitter\" >\n\t\t\t\t\t\t\t\n\t\t\t\t\t\t\t<i aria-hidden=\"true\" class=\"fab fa-x-twitter\"><\/i>\n                                                                                                            <\/a>\n                    <\/li>\n                    \t\t\t\t\t\t\t\t\t\t\t\t\t\t<li class=\"elementor-repeater-item-97c0211\">\n\t\t\t\t\t    <a\n\t\t\t\t\t\thref=\"#\" aria-label=\"Facebook\" class=\"facebook\" >\n\t\t\t\t\t\t\t\n\t\t\t\t\t\t\t<i aria-hidden=\"true\" class=\"icon icon-facebook\"><\/i>\n                                                                                                            <\/a>\n                    <\/li>\n                    \t\t\t\t\t\t\t\t\t\t\t\t\t\t<li class=\"elementor-repeater-item-9410c30\">\n\t\t\t\t\t    <a\n\t\t\t\t\t\thref=\"#\" aria-label=\"Instageram\" class=\"instagram\" >\n\t\t\t\t\t\t\t\n\t\t\t\t\t\t\t<i aria-hidden=\"true\" class=\"fab fa-instagram\"><\/i>\n                                                                                                            <\/a>\n                    <\/li>\n                    \t\t\t\t\t\t\t<\/ul>\n\t\t<\/div>\t\t\t\t<\/div>\n\t\t\t\t<\/div>\n\t\t\t\t<div class=\"elementor-element elementor-element-71efb0c elementor-invisible elementor-widget elementor-widget-text-editor\" data-id=\"71efb0c\" data-element_type=\"widget\" data-settings=\"{&quot;_animation&quot;:&quot;fadeInUp&quot;,&quot;ekit_we_effect_on&quot;:&quot;none&quot;}\" data-widget_type=\"text-editor.default\">\n\t\t\t\t\t\t\t\t\t<p><span style=\"font-weight: 400;\">El Kausay Cl\u00ednica Wasi est\u00e1 conformada por un equipo multidisciplinario de m\u00e9dicos, administradores, enfermeras y personal para garantizar un tratamiento \u00f3ptimo y una atenci\u00f3n de calidad al paciente.<\/span><\/p>\t\t\t\t\t\t\t\t<\/div>\n\t\t\t\t<\/div>\n\t\t\t\t<div class=\"elementor-element elementor-element-3fd3898 elementor-widget__width-initial elementor-widget-mobile__width-inherit elementor-invisible elementor-widget elementor-widget-icon-box\" data-id=\"3fd3898\" data-element_type=\"widget\" data-settings=\"{&quot;_animation&quot;:&quot;fadeInUp&quot;,&quot;ekit_we_effect_on&quot;:&quot;none&quot;}\" data-widget_type=\"icon-box.default\">\n\t\t\t\t\t\t\t<div class=\"elementor-icon-box-wrapper\">\n\n\t\t\t\n\t\t\t\t\t\t<div class=\"elementor-icon-box-content\">\n\n\t\t\t\t\t\t\t\t\t<h3 class=\"elementor-icon-box-title\">\n\t\t\t\t\t\t<span  >\n\t\t\t\t\t\t\tGuido del Prado\t\t\t\t\t\t<\/span>\n\t\t\t\t\t<\/h3>\n\t\t\t\t\n\t\t\t\t\t\t\t\t\t<p class=\"elementor-icon-box-description\">\n\t\t\t\t\t\tFundador, Director\t\t\t\t\t<\/p>\n\t\t\t\t\n\t\t\t<\/div>\n\t\t\t\n\t\t<\/div>\n\t\t\t\t\t\t<\/div>\n\t\t\t\t<div class=\"elementor-element elementor-element-c08a02c elementor-invisible elementor-widget elementor-widget-text-editor\" data-id=\"c08a02c\" data-element_type=\"widget\" data-settings=\"{&quot;_animation&quot;:&quot;fadeInUp&quot;,&quot;ekit_we_effect_on&quot;:&quot;none&quot;}\" data-widget_type=\"text-editor.default\">\n\t\t\t\t\t\t\t\t\t<p><span style=\"font-weight: 400;\">Oficial retirado del Servicio Exterior de los Estados Unidos, (23 a\u00f1os de experiencia gestionando programas en 6 pa\u00edses Nude Am\u00e9rica Latina, Estados Unidos y Medio Oriente, y ex Director del Cuerpo de Paz). Graduado del programa de doctorado de Harvard.<\/span><\/p>\t\t\t\t\t\t\t\t<\/div>\n\t\t<div class=\"elementor-element elementor-element-d45034d e-con-full e-flex elementor-invisible e-con e-child\" data-id=\"d45034d\" data-element_type=\"container\" data-settings=\"{&quot;animation&quot;:&quot;fadeInUp&quot;,&quot;animation_delay&quot;:100}\">\n\t\t\t\t<\/div>\n\t\t\t\t<\/div>\n\t\t\t\t\t<\/div>\n\t\t\t\t<\/div>\n\t\t<div class=\"elementor-element elementor-element-2199ebb e-flex e-con-boxed e-con e-parent\" data-id=\"2199ebb\" data-element_type=\"container\">\n\t\t\t\t\t<div class=\"e-con-inner\">\n\t\t<div class=\"elementor-element elementor-element-af32db8 e-con-full e-flex e-con e-child\" data-id=\"af32db8\" data-element_type=\"container\">\n\t\t\t\t<div class=\"elementor-element elementor-element-1b28186 elementor-widget__width-initial elementor-widget-mobile__width-inherit elementor-invisible elementor-widget elementor-widget-icon-box\" data-id=\"1b28186\" data-element_type=\"widget\" data-settings=\"{&quot;_animation&quot;:&quot;fadeInUp&quot;,&quot;ekit_we_effect_on&quot;:&quot;none&quot;}\" data-widget_type=\"icon-box.default\">\n\t\t\t\t\t\t\t<div class=\"elementor-icon-box-wrapper\">\n\n\t\t\t\n\t\t\t\t\t\t<div class=\"elementor-icon-box-content\">\n\n\t\t\t\t\t\t\t\t\t<h3 class=\"elementor-icon-box-title\">\n\t\t\t\t\t\t<span  >\n\t\t\t\t\t\t\tSandy Del Prado\t\t\t\t\t\t<\/span>\n\t\t\t\t\t<\/h3>\n\t\t\t\t\n\t\t\t\t\t\t\t\t\t<p class=\"elementor-icon-box-description\">\n\t\t\t\t\t\tCofundador, subdirector\t\t\t\t\t<\/p>\n\t\t\t\t\n\t\t\t<\/div>\n\t\t\t\n\t\t<\/div>\n\t\t\t\t\t\t<\/div>\n\t\t\t\t<div class=\"elementor-element elementor-element-08b7b93 elementor-invisible elementor-widget elementor-widget-text-editor\" data-id=\"08b7b93\" data-element_type=\"widget\" data-settings=\"{&quot;_animation&quot;:&quot;fadeInUp&quot;,&quot;ekit_we_effect_on&quot;:&quot;none&quot;}\" data-widget_type=\"text-editor.default\">\n\t\t\t\t\t\t\t\t\t<p><span style=\"font-weight: 400;\">Gerente de Proyectos de Salud para USAID en 6 pa\u00edses de Am\u00e9rica Latina y Estados Unidos.<\/span><\/p><p><span style=\"font-weight: 400;\">Maestr\u00eda, Escuela de Graduados en Educaci\u00f3n de Harvard<\/span><\/p>\t\t\t\t\t\t\t\t<\/div>\n\t\t\t\t<\/div>\n\t\t<div class=\"elementor-element elementor-element-a71f8bd e-con-full e-flex e-con e-child\" data-id=\"a71f8bd\" data-element_type=\"container\">\n\t\t<div class=\"elementor-element elementor-element-885fcd3 e-con-full e-flex e-con e-child\" data-id=\"885fcd3\" data-element_type=\"container\" data-settings=\"{&quot;background_background&quot;:&quot;classic&quot;}\">\n\t\t\t\t<div class=\"elementor-element elementor-element-311adb9 team-details-img at-image-animation at-animation-image-style-1 at-shiny-glass-effect elementor-widget elementor-widget-image\" data-id=\"311adb9\" data-element_type=\"widget\" data-settings=\"{&quot;ekit_we_effect_on&quot;:&quot;none&quot;}\" data-widget_type=\"image.default\">\n\t\t\t\t\t\t\t\t\t\t\t\t\t\t\t<img decoding=\"async\" width=\"554\" height=\"554\" src=\"https:\/\/www.kausaywasi.org\/wp-content\/uploads\/2025\/11\/nuestro-equipo2.png\" class=\"attachment-full size-full wp-image-14915\" alt=\"\" srcset=\"https:\/\/www.kausaywasi.org\/wp-content\/uploads\/2025\/11\/nuestro-equipo2.png 554w, https:\/\/www.kausaywasi.org\/wp-content\/uploads\/2025\/11\/nuestro-equipo2-300x300.png 300w, https:\/\/www.kausaywasi.org\/wp-content\/uploads\/2025\/11\/nuestro-equipo2-150x150.png 150w\" sizes=\"(max-width: 554px) 100vw, 554px\" \/>\t\t\t\t\t\t\t\t\t\t\t\t\t\t\t<\/div>\n\t\t\t\t<\/div>\n\t\t\t\t<\/div>\n\t\t\t\t\t<\/div>\n\t\t\t\t<\/div>\n\t\t\t\t<\/div>\n\t\t","protected":false},"excerpt":{"rendered":"<p>Equipo multidisciplinario Home Nuestro Equipo El Kausay Cl\u00ednica Wasi [&hellip;]<\/p>\n","protected":false},"author":1,"featured_media":0,"parent":0,"menu_order":0,"comment_status":"closed","ping_status":"closed","template":"elementor_header_footer","meta":{"give_campaign_id":0,"footnotes":""},"class_list":["post-15064","page","type-page","status-publish","hentry"],"campaignId":"","lang":"es","translations":{"es":15064},"pll_sync_post":[],"_links":{"self":[{"href":"https:\/\/www.kausaywasi.org\/index.php\/wp-json\/wp\/v2\/pages\/15064","targetHints":{"allow":["GET"]}}],"collection":[{"href":"https:\/\/www.kausaywasi.org\/index.php\/wp-json\/wp\/v2\/pages"}],"about":[{"href":"https:\/\/www.kausaywasi.org\/index.php\/wp-json\/wp\/v2\/types\/page"}],"author":[{"embeddable":true,"href":"https:\/\/www.kausaywasi.org\/index.php\/wp-json\/wp\/v2\/users\/1"}],"replies":[{"embeddable":true,"href":"https:\/\/www.kausaywasi.org\/index.php\/wp-json\/wp\/v2\/comments?post=15064"}],"version-history":[{"count":1,"href":"https:\/\/www.kausaywasi.org\/index.php\/wp-json\/wp\/v2\/pages\/15064\/revisions"}],"predecessor-version":[{"id":15065,"href":"https:\/\/www.kausaywasi.org\/index.php\/wp-json\/wp\/v2\/pages\/15064\/revisions\/15065"}],"wp:attachment":[{"href":"https:\/\/www.kausaywasi.org\/index.php\/wp-json\/wp\/v2\/media?parent=15064"}],"curies":[{"name":"wp","href":"https:\/\/api.w.org\/{rel}","templated":true}]}}