{"id":15047,"date":"2025-12-22T22:00:40","date_gmt":"2025-12-22T22:00:40","guid":{"rendered":"https:\/\/www.kausaywasi.org\/?page_id=15047"},"modified":"2025-12-22T22:00:41","modified_gmt":"2025-12-22T22:00:41","slug":"nuestors-companeros-espanol","status":"publish","type":"page","link":"https:\/\/www.kausaywasi.org\/index.php\/es\/nuestors-companeros-espanol\/","title":{"rendered":"Nuestors Compa\u00f1eros &#8211; Espa\u00f1ol"},"content":{"rendered":"\t\t<div data-elementor-type=\"wp-page\" data-elementor-id=\"15047\" class=\"elementor elementor-15047\" data-elementor-post-type=\"page\">\n\t\t\t\t<div data-ekitparallax=\"{&quot;ekit_section_parallax_bg&quot;:&quot;yes&quot;,&quot;ekit_section_parallax_bg_speed&quot;:0.5,&quot;elementor_lazy_load&quot;:&quot;1&quot;}\" class=\"elementor-element elementor-element-aef8398 page-hero-section e-flex e-con-boxed e-con e-parent\" data-id=\"aef8398\" data-element_type=\"container\" data-settings=\"{&quot;background_background&quot;:&quot;classic&quot;}\">\n\t\t\t\t\t<div class=\"e-con-inner\">\n\t\t<div class=\"elementor-element elementor-element-783e4aa e-con-full e-flex e-con e-child\" data-id=\"783e4aa\" data-element_type=\"container\">\n\t\t\t\t<div class=\"elementor-element elementor-element-7a0d9d5 at-heading-animation at-animation-heading-style-2 elementor-widget elementor-widget-heading\" data-id=\"7a0d9d5\" data-element_type=\"widget\" data-settings=\"{&quot;ekit_we_effect_on&quot;:&quot;none&quot;}\" data-widget_type=\"heading.default\">\n\t\t\t\t\t<h1 class=\"elementor-heading-title elementor-size-default\"><span> Nuestros <\/span> compa\u00f1eros<\/h1>\t\t\t\t<\/div>\n\t\t\t\t<div class=\"elementor-element elementor-element-cd6a4d9 elementor-invisible elementor-widget elementor-widget-elementskit-breadcrumb\" data-id=\"cd6a4d9\" data-element_type=\"widget\" data-settings=\"{&quot;_animation&quot;:&quot;fadeInUp&quot;,&quot;ekit_we_effect_on&quot;:&quot;none&quot;}\" data-widget_type=\"elementskit-breadcrumb.default\">\n\t\t\t\t<div class=\"elementor-widget-container\">\n\t\t\t\t\t<div class=\"ekit-wid-con\" ><ol class=\"ekit-breadcrumb\"><li class=\"ekit_breadcrumbs_start\"><a href=\"https:\/\/www.kausaywasi.org\">Home<\/a><\/li><\/ol><\/div>\t\t\t\t<\/div>\n\t\t\t\t<\/div>\n\t\t\t\t<\/div>\n\t\t\t\t\t<\/div>\n\t\t\t\t<\/div>\n\t\t<div class=\"elementor-element elementor-element-d71f9d0 e-flex e-con-boxed e-con e-parent\" data-id=\"d71f9d0\" data-element_type=\"container\">\n\t\t\t\t\t<div class=\"e-con-inner\">\n\t\t<div class=\"elementor-element elementor-element-c1c1f4d e-con-full e-flex e-con e-child\" data-id=\"c1c1f4d\" data-element_type=\"container\">\n\t\t<div class=\"elementor-element elementor-element-f9d6e86 e-con-full team-img-box e-flex elementor-invisible e-con e-child\" data-id=\"f9d6e86\" data-element_type=\"container\" data-settings=\"{&quot;animation&quot;:&quot;fadeInUp&quot;}\">\n\t\t\t\t<div class=\"elementor-element elementor-element-d8da3b9 team-item ekit-equal-height-disable elementor-widget elementor-widget-elementskit-image-box\" data-id=\"d8da3b9\" data-element_type=\"widget\" data-settings=\"{&quot;ekit_we_effect_on&quot;:&quot;none&quot;}\" data-widget_type=\"elementskit-image-box.default\">\n\t\t\t\t\t<div class=\"ekit-wid-con\" >\n            <div class=\"elementskit-info-image-box ekit-image-box text-center simple-card\" >\n\n                <a >\n                <div class=\"elementskit-box-header image-box-img-center\">\n\n                    <img fetchpriority=\"high\" decoding=\"async\" width=\"450\" height=\"379\" src=\"https:\/\/www.kausaywasi.org\/wp-content\/uploads\/2025\/11\/7-1.png\" class=\"attachment-full size-full wp-image-14935\" alt=\"\" srcset=\"https:\/\/www.kausaywasi.org\/wp-content\/uploads\/2025\/11\/7-1.png 450w, https:\/\/www.kausaywasi.org\/wp-content\/uploads\/2025\/11\/7-1-300x253.png 300w\" sizes=\"(max-width: 450px) 100vw, 450px\" \/>\n                <\/div>\n                <\/a>\n                <div class=\"elementskit-box-body ekit-image-box-body\">\n                    <div class=\"elementskit-box-content ekit-image-box-body-inner\">\n                                                <h3 class=\"elementskit-info-box-title\">\n\n                        EQUIPOS M\u00c9DICOS DE CAPITOL CITY\n                        \n                    <\/h3>\n                                                            <div class=\"elementskit-box-style-content\">\n                        Capitol City Medical Teams (CCMT) es una organizaci\u00f3n 501 c3 con sede en EE. UU. CCMT patrocina equipos m\u00e9dicos para ayudar a personas empobrecidas en pa\u00edses extranjeros sin distinci\u00f3n de raza, g\u00e9nero, religi\u00f3n, credo u origen nacional.                    <\/div>\n                                    <\/div>\n\n                            <\/div>\n            <\/div>\n    <\/div>\t\t\t\t<\/div>\n\t\t\t\t<\/div>\n\t\t<div class=\"elementor-element elementor-element-3bcc064 e-con-full team-img-box e-flex elementor-invisible e-con e-child\" data-id=\"3bcc064\" data-element_type=\"container\" data-settings=\"{&quot;animation&quot;:&quot;fadeInUp&quot;,&quot;animation_delay&quot;:100}\">\n\t\t\t\t<div class=\"elementor-element elementor-element-81f71f0 team-item ekit-equal-height-disable elementor-widget elementor-widget-elementskit-image-box\" data-id=\"81f71f0\" data-element_type=\"widget\" data-settings=\"{&quot;ekit_we_effect_on&quot;:&quot;none&quot;}\" data-widget_type=\"elementskit-image-box.default\">\n\t\t\t\t\t<div class=\"ekit-wid-con\" >\n            <div class=\"elementskit-info-image-box ekit-image-box text-center simple-card\" >\n\n                <a >\n                <div class=\"elementskit-box-header image-box-img-center\">\n\n                    <img decoding=\"async\" width=\"450\" height=\"379\" src=\"https:\/\/www.kausaywasi.org\/wp-content\/uploads\/2025\/11\/9-1.png\" class=\"attachment-full size-full wp-image-14937\" alt=\"\" srcset=\"https:\/\/www.kausaywasi.org\/wp-content\/uploads\/2025\/11\/9-1.png 450w, https:\/\/www.kausaywasi.org\/wp-content\/uploads\/2025\/11\/9-1-300x253.png 300w\" sizes=\"(max-width: 450px) 100vw, 450px\" \/>\n                <\/div>\n                <\/a>\n                <div class=\"elementskit-box-body ekit-image-box-body\">\n                    <div class=\"elementskit-box-content ekit-image-box-body-inner\">\n                                                <h3 class=\"elementskit-info-box-title\">\n\n                        DESEA PER\u00da\n                        \n                    <\/h3>\n                                                            <div class=\"elementskit-box-style-content\">\n                        DESEA Per\u00fa es una organizaci\u00f3n peruana registrada sin fines de lucro con sede en Lamay en el Valle Sagrado de los Incas, cerca de Cusco. En las comunidades ind\u00edgenas de las monta\u00f1as adyacentes, DESEA Per\u00fa ha emprendido un programa integral de tratamiento de agua domiciliaria y atenci\u00f3n sanitaria comunitaria.                    <\/div>\n                                    <\/div>\n\n                            <\/div>\n            <\/div>\n    <\/div>\t\t\t\t<\/div>\n\t\t\t\t<\/div>\n\t\t<div class=\"elementor-element elementor-element-78f8d35 e-con-full team-img-box e-flex elementor-invisible e-con e-child\" data-id=\"78f8d35\" data-element_type=\"container\" data-settings=\"{&quot;animation&quot;:&quot;fadeInUp&quot;,&quot;animation_delay&quot;:200}\">\n\t\t\t\t<div class=\"elementor-element elementor-element-9f7e2ea team-item ekit-equal-height-disable elementor-widget elementor-widget-elementskit-image-box\" data-id=\"9f7e2ea\" data-element_type=\"widget\" data-settings=\"{&quot;ekit_we_effect_on&quot;:&quot;none&quot;}\" data-widget_type=\"elementskit-image-box.default\">\n\t\t\t\t\t<div class=\"ekit-wid-con\" >\n            <div class=\"elementskit-info-image-box ekit-image-box text-center simple-card\" >\n\n                <a >\n                <div class=\"elementskit-box-header image-box-img-center\">\n\n                    <img decoding=\"async\" width=\"450\" height=\"379\" src=\"https:\/\/www.kausaywasi.org\/wp-content\/uploads\/2025\/11\/8-1.png\" class=\"attachment-full size-full wp-image-14936\" alt=\"\" srcset=\"https:\/\/www.kausaywasi.org\/wp-content\/uploads\/2025\/11\/8-1.png 450w, https:\/\/www.kausaywasi.org\/wp-content\/uploads\/2025\/11\/8-1-300x253.png 300w\" sizes=\"(max-width: 450px) 100vw, 450px\" \/>\n                <\/div>\n                <\/a>\n                <div class=\"elementskit-box-body ekit-image-box-body\">\n                    <div class=\"elementskit-box-content ekit-image-box-body-inner\">\n                                                <h3 class=\"elementskit-info-box-title\">\n\n                        SANAR A LOS NI\u00d1OS\n                        \n                    <\/h3>\n                                                            <div class=\"elementskit-box-style-content\">\n                        Healing the Children (HTC) es una organizaci\u00f3n de voluntarios estadounidense sin fines de lucro dedicada a curar a ni\u00f1os de todo el mundo.                    <\/div>\n                                    <\/div>\n\n                            <\/div>\n            <\/div>\n    <\/div>\t\t\t\t<\/div>\n\t\t\t\t<\/div>\n\t\t<div class=\"elementor-element elementor-element-6d1937b e-con-full team-img-box e-flex elementor-invisible e-con e-child\" data-id=\"6d1937b\" data-element_type=\"container\" data-settings=\"{&quot;animation&quot;:&quot;fadeInUp&quot;,&quot;animation_delay&quot;:300}\">\n\t\t\t\t<div class=\"elementor-element elementor-element-3c956a0 team-item ekit-equal-height-disable elementor-widget elementor-widget-elementskit-image-box\" data-id=\"3c956a0\" data-element_type=\"widget\" data-settings=\"{&quot;ekit_we_effect_on&quot;:&quot;none&quot;}\" data-widget_type=\"elementskit-image-box.default\">\n\t\t\t\t\t<div class=\"ekit-wid-con\" >\n            <div class=\"elementskit-info-image-box ekit-image-box text-center simple-card\" >\n\n                <a href=\"https:\/\/demo.awaikenthemes.com\/lenity\/our-team\/olivia-thompson\/\">\n                <div class=\"elementskit-box-header image-box-img-center\">\n\n                    <img loading=\"lazy\" decoding=\"async\" width=\"450\" height=\"379\" src=\"https:\/\/www.kausaywasi.org\/wp-content\/uploads\/2025\/11\/4-1.png\" class=\"attachment-full size-full wp-image-14941\" alt=\"\" srcset=\"https:\/\/www.kausaywasi.org\/wp-content\/uploads\/2025\/11\/4-1.png 450w, https:\/\/www.kausaywasi.org\/wp-content\/uploads\/2025\/11\/4-1-300x253.png 300w\" sizes=\"(max-width: 450px) 100vw, 450px\" \/>\n                <\/div>\n                <\/a>\n                <div class=\"elementskit-box-body ekit-image-box-body\">\n                    <div class=\"elementskit-box-content ekit-image-box-body-inner\">\n                                                <h3 class=\"elementskit-info-box-title\">\n\n                        UN NI\u00d1O A LA VEZ\n                        \n                    <\/h3>\n                                                            <div class=\"elementskit-box-style-content\">\n                        One Child at A Time, es un grupo de m\u00e9dicos, enfermeras, terapeutas y ortesistas\/protesistas voluntarios comprometidos a brindar servicios ortop\u00e9dicos y de rehabilitaci\u00f3n a ni\u00f1os que no pueden recibir dicha atenci\u00f3n debido a condiciones financieras o sociales, mientras los brindamos de manera personal \"uno a uno\". \" nivel.                    <\/div>\n                                    <\/div>\n\n                            <\/div>\n            <\/div>\n    <\/div>\t\t\t\t<\/div>\n\t\t\t\t<\/div>\n\t\t<div class=\"elementor-element elementor-element-1d6d995 e-con-full team-img-box e-flex elementor-invisible e-con e-child\" data-id=\"1d6d995\" data-element_type=\"container\" data-settings=\"{&quot;animation&quot;:&quot;fadeInUp&quot;,&quot;animation_delay&quot;:400}\">\n\t\t\t\t<div class=\"elementor-element elementor-element-37b4312 team-item ekit-equal-height-disable elementor-widget elementor-widget-elementskit-image-box\" data-id=\"37b4312\" data-element_type=\"widget\" data-settings=\"{&quot;ekit_we_effect_on&quot;:&quot;none&quot;}\" data-widget_type=\"elementskit-image-box.default\">\n\t\t\t\t\t<div class=\"ekit-wid-con\" >\n            <div class=\"elementskit-info-image-box ekit-image-box text-center simple-card\" >\n\n                <a href=\"#\">\n                <div class=\"elementskit-box-header image-box-img-center\">\n\n                    <img loading=\"lazy\" decoding=\"async\" width=\"450\" height=\"379\" src=\"https:\/\/www.kausaywasi.org\/wp-content\/uploads\/2025\/11\/3-1.png\" class=\"attachment-full size-full wp-image-14940\" alt=\"\" srcset=\"https:\/\/www.kausaywasi.org\/wp-content\/uploads\/2025\/11\/3-1.png 450w, https:\/\/www.kausaywasi.org\/wp-content\/uploads\/2025\/11\/3-1-300x253.png 300w\" sizes=\"(max-width: 450px) 100vw, 450px\" \/>\n                <\/div>\n                <\/a>\n                <div class=\"elementskit-box-body ekit-image-box-body\">\n                    <div class=\"elementskit-box-content ekit-image-box-body-inner\">\n                                                <h3 class=\"elementskit-info-box-title\">\n\n                        \u00a1POR ESO!\n                        \n                    <\/h3>\n                                                            <div class=\"elementskit-box-style-content\">\n                        Desde 2009 \u00a1Por Eso ! ha estado trabajando con familias y escuelas en algunas de las comunidades m\u00e1s pobres de la provincia del Cuzco. Lo hacen junto con un equipo local profesional y motivado.                    <\/div>\n                                    <\/div>\n\n                            <\/div>\n            <\/div>\n    <\/div>\t\t\t\t<\/div>\n\t\t\t\t<\/div>\n\t\t<div class=\"elementor-element elementor-element-04d5850 e-con-full team-img-box e-flex elementor-invisible e-con e-child\" data-id=\"04d5850\" data-element_type=\"container\" data-settings=\"{&quot;animation&quot;:&quot;fadeInUp&quot;,&quot;animation_delay&quot;:500}\">\n\t\t\t\t<div class=\"elementor-element elementor-element-0bdadae team-item ekit-equal-height-disable elementor-widget elementor-widget-elementskit-image-box\" data-id=\"0bdadae\" data-element_type=\"widget\" data-settings=\"{&quot;ekit_we_effect_on&quot;:&quot;none&quot;}\" data-widget_type=\"elementskit-image-box.default\">\n\t\t\t\t\t<div class=\"ekit-wid-con\" >\n            <div class=\"elementskit-info-image-box ekit-image-box text-center simple-card\" >\n\n                <a href=\"#\">\n                <div class=\"elementskit-box-header image-box-img-center\">\n\n                    <img loading=\"lazy\" decoding=\"async\" width=\"450\" height=\"379\" src=\"https:\/\/www.kausaywasi.org\/wp-content\/uploads\/2025\/11\/6-1.png\" class=\"attachment-full size-full wp-image-14943\" alt=\"\" srcset=\"https:\/\/www.kausaywasi.org\/wp-content\/uploads\/2025\/11\/6-1.png 450w, https:\/\/www.kausaywasi.org\/wp-content\/uploads\/2025\/11\/6-1-300x253.png 300w\" sizes=\"(max-width: 450px) 100vw, 450px\" \/>\n                <\/div>\n                <\/a>\n                <div class=\"elementskit-box-body ekit-image-box-body\">\n                    <div class=\"elementskit-box-content ekit-image-box-body-inner\">\n                                                <h3 class=\"elementskit-info-box-title\">\n\n                        PROYECTO PER\u00da\n                        \n                    <\/h3>\n                                                            <div class=\"elementskit-box-style-content\">\n                        Proyecto Per\u00fa moviliza equipos m\u00e9dicos con base en Miami para mejorar la salud y la vida de los desfavorecidos en los Andes del Per\u00fa, trabajando directamente con los Kausay. Cl\u00ednica Wasi .                    <\/div>\n                                    <\/div>\n\n                            <\/div>\n            <\/div>\n    <\/div>\t\t\t\t<\/div>\n\t\t\t\t<\/div>\n\t\t<div class=\"elementor-element elementor-element-e7c763b e-con-full team-img-box e-flex elementor-invisible e-con e-child\" data-id=\"e7c763b\" data-element_type=\"container\" data-settings=\"{&quot;animation&quot;:&quot;fadeInUp&quot;,&quot;animation_delay&quot;:600}\">\n\t\t\t\t<div class=\"elementor-element elementor-element-7bf103e team-item ekit-equal-height-disable elementor-widget elementor-widget-elementskit-image-box\" data-id=\"7bf103e\" data-element_type=\"widget\" data-settings=\"{&quot;ekit_we_effect_on&quot;:&quot;none&quot;}\" data-widget_type=\"elementskit-image-box.default\">\n\t\t\t\t\t<div class=\"ekit-wid-con\" >\n            <div class=\"elementskit-info-image-box ekit-image-box text-center simple-card\" >\n\n                <a href=\"#\">\n                <div class=\"elementskit-box-header image-box-img-center\">\n\n                    <img loading=\"lazy\" decoding=\"async\" width=\"450\" height=\"379\" src=\"https:\/\/www.kausaywasi.org\/wp-content\/uploads\/2025\/11\/1-1.png\" class=\"attachment-full size-full wp-image-14938\" alt=\"\" srcset=\"https:\/\/www.kausaywasi.org\/wp-content\/uploads\/2025\/11\/1-1.png 450w, https:\/\/www.kausaywasi.org\/wp-content\/uploads\/2025\/11\/1-1-300x253.png 300w\" sizes=\"(max-width: 450px) 100vw, 450px\" \/>\n                <\/div>\n                <\/a>\n                <div class=\"elementskit-box-body ekit-image-box-body\">\n                    <div class=\"elementskit-box-content ekit-image-box-body-inner\">\n                                                <h3 class=\"elementskit-info-box-title\">\n\n                        TEXAS DE PER\u00da\n                        \n                    <\/h3>\n                                                            <div class=\"elementskit-box-style-content\">\n                        Texas de Per\u00fa se form\u00f3 como un esfuerzo cooperativo de la Comunidad M\u00e9dica de Texas para aprovechar la fuerza, los recursos y la experiencia colectiva para mejorar la atenci\u00f3n m\u00e9dica en los Altos Andes del Per\u00fa. Con ese fin, trabajan con l\u00edderes locales y voluntarios para enviar misiones m\u00e9dicas, suministros de equipos y experiencia a Kausay. Cl\u00ednica Wasi en Per\u00fa. Permiten a personas y organizaciones brindar atenci\u00f3n m\u00e9dica, formar l\u00edderes serviciales y marcar la diferencia en la prestaci\u00f3n de atenci\u00f3n m\u00e9dica a quienes no la merecen, a nivel global y local. El objetivo de Texas de Per\u00fa es servir como \u201cpuente\u201d entre las necesidades de salud y bienestar de los indigentes en el Per\u00fa a trav\u00e9s del Kausay. Cl\u00ednica Wasi y excedentes de suministros m\u00e9dicos, profesionales y experiencia en Texas.                    <\/div>\n                                    <\/div>\n\n                            <\/div>\n            <\/div>\n    <\/div>\t\t\t\t<\/div>\n\t\t\t\t<\/div>\n\t\t\t\t<\/div>\n\t\t\t\t\t<\/div>\n\t\t\t\t<\/div>\n\t\t\t\t<\/div>\n\t\t","protected":false},"excerpt":{"rendered":"<p>Nuestros compa\u00f1eros Home EQUIPOS M\u00c9DICOS DE CAPITOL CITY Capitol [&hellip;]<\/p>\n","protected":false},"author":1,"featured_media":0,"parent":0,"menu_order":0,"comment_status":"closed","ping_status":"closed","template":"elementor_header_footer","meta":{"give_campaign_id":0,"footnotes":""},"class_list":["post-15047","page","type-page","status-publish","hentry"],"campaignId":"","lang":"es","translations":{"es":15047},"pll_sync_post":[],"_links":{"self":[{"href":"https:\/\/www.kausaywasi.org\/index.php\/wp-json\/wp\/v2\/pages\/15047","targetHints":{"allow":["GET"]}}],"collection":[{"href":"https:\/\/www.kausaywasi.org\/index.php\/wp-json\/wp\/v2\/pages"}],"about":[{"href":"https:\/\/www.kausaywasi.org\/index.php\/wp-json\/wp\/v2\/types\/page"}],"author":[{"embeddable":true,"href":"https:\/\/www.kausaywasi.org\/index.php\/wp-json\/wp\/v2\/users\/1"}],"replies":[{"embeddable":true,"href":"https:\/\/www.kausaywasi.org\/index.php\/wp-json\/wp\/v2\/comments?post=15047"}],"version-history":[{"count":2,"href":"https:\/\/www.kausaywasi.org\/index.php\/wp-json\/wp\/v2\/pages\/15047\/revisions"}],"predecessor-version":[{"id":15049,"href":"https:\/\/www.kausaywasi.org\/index.php\/wp-json\/wp\/v2\/pages\/15047\/revisions\/15049"}],"wp:attachment":[{"href":"https:\/\/www.kausaywasi.org\/index.php\/wp-json\/wp\/v2\/media?parent=15047"}],"curies":[{"name":"wp","href":"https:\/\/api.w.org\/{rel}","templated":true}]}}